{"id":1267,"date":"2023-12-07T08:58:37","date_gmt":"2023-12-07T16:58:37","guid":{"rendered":"https:\/\/espindolamg.com\/sesiones-y-precios\/"},"modified":"2023-12-07T09:10:03","modified_gmt":"2023-12-07T17:10:03","slug":"sesiones-y-precios","status":"publish","type":"page","link":"https:\/\/espindolamg.com\/es\/sesiones-y-precios\/","title":{"rendered":"Sesiones y precios"},"content":{"rendered":"\n<div class=\"\"><div class=\"\"><div class=\"\"><div class=\"\"><p>Secciones tem\u00e1ticas y t\u00edtulos de los EMG para los cursos de formaci\u00f3n 2024 (pagados y atendidos despu\u00e9s de la reuni\u00f3n informativa)\nseminario)\n<\/p>\n\t\t\t\t\t\t\t\t<a href=\"#\" id=\"fl-tabs--label-0\" data-index=\"0\" aria-selected=\"true\" aria-controls=\"fl-tabs--panel-0\" aria-expanded=\"true\" role=\"tab\" tabindex=\"0\">  Consultor\u00eda  <\/a>\n\t\t\t\t\t\t\t\t<a href=\"#\" id=\"fl-tabs--label-1\" data-index=\"1\" aria-selected=\"false\" aria-controls=\"fl-tabs--panel-1\" aria-expanded=\"false\" role=\"tab\" tabindex=\"0\">  Coaching  <\/a>\n\t\t\t\t\t\t\t\t<a href=\"#\" id=\"fl-tabs--label-2\" data-index=\"2\" aria-selected=\"false\" aria-controls=\"fl-tabs--panel-2\" aria-expanded=\"false\" role=\"tab\" tabindex=\"0\">  Formaci\u00f3n  <\/a>\n\t\t\t\t\t\t\t\t<a href=\"#\" id=\"fl-tabs--label-3\" data-index=\"3\" aria-selected=\"false\" aria-controls=\"fl-tabs--panel-3\" aria-expanded=\"false\" role=\"tab\" tabindex=\"0\">  Recursos  <\/a>\n  Consultor\u00eda\n\t\t\t\t\t\t\t\t\t\t\t<p>EMG Consulting es una empresa de confianza, experimentada y experta en optimizar el rendimiento y alcanzar objetivos estrat\u00e9gicos.  <a href=\"https:\/\/espindolamg.com\/es\/servicios\/consultoria\/\">Leer m\u00e1s&#8230;<\/a><\/p>\n  Coaching\n\t\t\t\t\t\t\t\t\t\t\t<p>EMG Coaching es una asociaci\u00f3n transformadora que capacita a individuos y equipos para aprovechar sus posibilidades sin explotar en el crecimiento personal y profesional.  <a href=\"https:\/\/espindolamg.com\/es\/servicios\/coaching\/\">Leer m\u00e1s&#8230;<\/a><\/p>\n  Formaci\u00f3n\n\t\t\t\t\t\t\t\t\t\t\t<p>EMG Training es un enfoque din\u00e1mico que dota a individuos, equipos, grupos, empresas u organizaciones de las habilidades, herramientas y estrategias necesarias para maximizar el rendimiento, cultivar equipos y un alto rendimiento, una mayor retenci\u00f3n y lograr el \u00e9xito a largo plazo.  <a href=\"https:\/\/espindolamg.com\/consulting\/training\/\">Leer m\u00e1s&#8230;<\/a><\/p>\n  Recursos\n\t\t\t\t\t\t\t\t\t\t\t<p>Recursos EMG es una colecci\u00f3n completa que es una ventaja para nuestros clientes a sobresalir, navegar por los desaf\u00edos, y las estrategias de retenci\u00f3n para nuestros clientes que han participado en EMG Servicios. Para desbloquear el acceso, p\u00f3ngase en contacto con nosotros.  <a href=\"https:\/\/espindolamg.com\/consulting\/resources\/\">Leer m\u00e1s&#8230;<\/a><\/p><\/div><\/div><\/div><\/div>\n","protected":false},"excerpt":{"rendered":"<p>Espindola Management Group (EMG) ofrece una amplia gama de servicios de consultor\u00eda, coaching y formaci\u00f3n&#8230;<\/p>\n","protected":false},"author":8,"featured_media":0,"parent":0,"menu_order":0,"comment_status":"closed","ping_status":"closed","template":"page_top_featured_image.php","meta":{"_acf_changed":false,"nf_dc_page":"","_monsterinsights_skip_tracking":false,"_monsterinsights_sitenote_active":false,"_monsterinsights_sitenote_note":"","_monsterinsights_sitenote_category":0,"advanced_seo_description":"","jetpack_seo_html_title":"","jetpack_seo_noindex":false,"footnotes":""},"categories":[],"tags":[61],"class_list":["post-1267","page","type-page","status-publish","hentry","tag-pagina-horizontal"],"acf":[],"jetpack_sharing_enabled":true,"_links":{"self":[{"href":"https:\/\/espindolamg.com\/es\/wp-json\/wp\/v2\/pages\/1267","targetHints":{"allow":["GET"]}}],"collection":[{"href":"https:\/\/espindolamg.com\/es\/wp-json\/wp\/v2\/pages"}],"about":[{"href":"https:\/\/espindolamg.com\/es\/wp-json\/wp\/v2\/types\/page"}],"author":[{"embeddable":true,"href":"https:\/\/espindolamg.com\/es\/wp-json\/wp\/v2\/users\/8"}],"replies":[{"embeddable":true,"href":"https:\/\/espindolamg.com\/es\/wp-json\/wp\/v2\/comments?post=1267"}],"version-history":[{"count":3,"href":"https:\/\/espindolamg.com\/es\/wp-json\/wp\/v2\/pages\/1267\/revisions"}],"predecessor-version":[{"id":1272,"href":"https:\/\/espindolamg.com\/es\/wp-json\/wp\/v2\/pages\/1267\/revisions\/1272"}],"wp:attachment":[{"href":"https:\/\/espindolamg.com\/es\/wp-json\/wp\/v2\/media?parent=1267"}],"wp:term":[{"taxonomy":"category","embeddable":true,"href":"https:\/\/espindolamg.com\/es\/wp-json\/wp\/v2\/categories?post=1267"},{"taxonomy":"post_tag","embeddable":true,"href":"https:\/\/espindolamg.com\/es\/wp-json\/wp\/v2\/tags?post=1267"}],"curies":[{"name":"wp","href":"https:\/\/api.w.org\/{rel}","templated":true}]}}