{"id":1288,"date":"2023-12-07T09:19:45","date_gmt":"2023-12-07T17:19:45","guid":{"rendered":"https:\/\/espindolamg.com\/sesiones-y-precios-2\/"},"modified":"2024-01-11T10:42:55","modified_gmt":"2024-01-11T18:42:55","slug":"sesiones-y-precios-2","status":"publish","type":"page","link":"https:\/\/espindolamg.com\/es\/sesiones-y-precios-2\/","title":{"rendered":"Sesiones y precios"},"content":{"rendered":"\n<div class=\"\"><div class=\"\"><p>Thank you for your interest in Espindola Management Group.<\/p>\n<p>If you have requested information or a return call or email, we will contact you shortly.<\/p>\n<p>If you would like to schedule a FREE initial consultation, please visit <a href=\"https:\/\/espindolamg.com\/book-a-consultation\/\">this page<\/a>.<\/p><\/div><\/div>\n","protected":false},"excerpt":{"rendered":"<p>Secciones tem\u00e1ticas y t\u00edtulos del EMG para los cursos de formaci\u00f3n 2024 (de pago y con asistencia posterior al seminario informativo)<\/p>\n","protected":false},"author":8,"featured_media":0,"parent":0,"menu_order":0,"comment_status":"closed","ping_status":"closed","template":"","meta":{"_acf_changed":false,"nf_dc_page":"","_monsterinsights_skip_tracking":false,"_monsterinsights_sitenote_active":false,"_monsterinsights_sitenote_note":"","_monsterinsights_sitenote_category":0,"advanced_seo_description":"","jetpack_seo_html_title":"","jetpack_seo_noindex":false,"footnotes":""},"categories":[],"tags":[],"class_list":["post-1288","page","type-page","status-publish","hentry"],"acf":[],"jetpack_sharing_enabled":true,"_links":{"self":[{"href":"https:\/\/espindolamg.com\/es\/wp-json\/wp\/v2\/pages\/1288","targetHints":{"allow":["GET"]}}],"collection":[{"href":"https:\/\/espindolamg.com\/es\/wp-json\/wp\/v2\/pages"}],"about":[{"href":"https:\/\/espindolamg.com\/es\/wp-json\/wp\/v2\/types\/page"}],"author":[{"embeddable":true,"href":"https:\/\/espindolamg.com\/es\/wp-json\/wp\/v2\/users\/8"}],"replies":[{"embeddable":true,"href":"https:\/\/espindolamg.com\/es\/wp-json\/wp\/v2\/comments?post=1288"}],"version-history":[{"count":4,"href":"https:\/\/espindolamg.com\/es\/wp-json\/wp\/v2\/pages\/1288\/revisions"}],"predecessor-version":[{"id":1298,"href":"https:\/\/espindolamg.com\/es\/wp-json\/wp\/v2\/pages\/1288\/revisions\/1298"}],"wp:attachment":[{"href":"https:\/\/espindolamg.com\/es\/wp-json\/wp\/v2\/media?parent=1288"}],"wp:term":[{"taxonomy":"category","embeddable":true,"href":"https:\/\/espindolamg.com\/es\/wp-json\/wp\/v2\/categories?post=1288"},{"taxonomy":"post_tag","embeddable":true,"href":"https:\/\/espindolamg.com\/es\/wp-json\/wp\/v2\/tags?post=1288"}],"curies":[{"name":"wp","href":"https:\/\/api.w.org\/{rel}","templated":true}]}}