{"id":1523,"date":"2024-01-26T12:40:44","date_gmt":"2024-01-26T20:40:44","guid":{"rendered":"https:\/\/espindolamg.com\/paquete-de-liderazgo-mindful\/"},"modified":"2024-03-09T07:13:36","modified_gmt":"2024-03-09T15:13:36","slug":"paquete-de-liderazgo-mindful","status":"publish","type":"page","link":"https:\/\/espindolamg.com\/es\/paquete-de-liderazgo-mindful\/","title":{"rendered":"PAQUETE DE LIDERAZGO MINDFUL"},"content":{"rendered":"\n<div class=\"\"><h1>Workshops and Pricing<\/h1>\n\t<h2>EMG Offers different workshops that focus on developing different skills.<\/h2>\n<p>Each workshop topic contains different learning options to met everyone&#8217;s needs.<\/p>\n\n\t<h2>Personal and Professional Empowerment Series<\/h2>\n<p><strong>Series Descriptions:<\/strong> Unlock Your Full Potential with Our Complete Empowerment Package! Enroll in all 5 modules of our Personal and Professional Empowerment Series and receive 2 hours of one-on-one coaching for just $700.00 &#8211; inclusive of assessment tools, materials, and Successful Approaches. Act now and enjoy a between 10% to 20% discount on 3 out of our 5 bundle options.<\/p>\n<p><strong>Modules Description:<\/strong><\/p>\n<ol>\n<li>Unlocking Potential: The Power of Professional Development<\/li>\n<li>Unleash your professional potential with diverse development programs tailored to your unique skills and goals.<\/li>\n<li>Discover your inner strength through personalized coaching, achieving personal fulfillment, and overcoming challenges.<\/li>\n<li>Mindful Leadership: Nurturing Emotional Intelligence<\/li>\n<li>Explore mindful leadership practices, nurturing emotional intelligence for effective and empathetic leadership.<\/li>\n<\/ol>\n<h3><strong>Personal and Professional Empowerment Series Bundled Options<\/strong><\/h3>\n<p>&nbsp;<\/p>\n\t<h3><b>Mindful Leadership Package:<\/b><\/h3>\n\t<p><strong>The modules include:<\/strong><\/p>\n\t<ul>\n<li>Modules 4 and 5 of the Personal and Professional Empowerment Series<\/li>\n<li>Plus: Assessment tools and Successful Approaches<\/li>\n<\/ul>\n<p>&nbsp;<\/p>\n\t<p><strong>Zoom Session Only<\/strong><\/p>\n<p>Registration Fee: $100<\/p>\n<p>This session will be scheduled after purchase.<\/p>\n\t\t\t<a href=\"\" target=\"_self\" rel=\"noopener\">\n\t\t\t\t\t\t\tRegister Here\n\t\t\t\t\t<\/a>\n\t<h3><b>Professional Development Package:<\/b><\/h3>\n\t<p><strong>The modules include:<\/strong><\/p>\n\t<ul>\n<li>Modules 1, 2, and 4 of the Personal and Professional Empowerment Series<\/li>\n<li>Plus: Assessment tools and Successful Approaches<\/li>\n<\/ul>\n\t<p><strong>Zoom Session Only<\/strong><\/p>\n<p>Registration Fee: $250<\/p>\n<p>This session will be scheduled after purchase.<\/p>\n\t\t\t<a href=\"\" target=\"_self\" rel=\"noopener\">\n\t\t\t\t\t\t\tRegister Here\n\t\t\t\t\t<\/a>\n\t<h3><b>Coaching Excellence Bundle: (Scheduled by Appointment)<\/b><\/h3>\n\t<p><strong>The modules include:<\/strong><\/p>\n\t<ul>\n<li>One-on-one 2 hours of Personal and<br>\nProfessional Coaching &#8211; Inner Strength Unleashed<\/li>\n<li>Plus:&nbsp;Assessment tools and Successful Approaches<\/li>\n<\/ul>\n\t<p><strong>Scheduled by Appointment Only<\/strong><\/p>\n<p>Registration Fee: $300<\/p>\n<p>This session will be scheduled after purchase.<\/p>\n\t\t\t<a href=\"\" target=\"_self\" rel=\"noopener\">\n\t\t\t\t\t\t\tRegister Here\n\t\t\t\t\t<\/a>\n\t<h3><b>Training Intensive Bundle: (Half-day training)<\/b><\/h3>\n\t<p><strong>The modules include:<\/strong><\/p>\n\t<ul>\n<li>Includes all 5 modules of the Personal and Professional Empowerment Series<\/li>\n<li>Plus: Assessment tools and and Successful Approaches<\/li>\n<\/ul>\n\t<p>Scheduled by Regions in California<\/p>\n\t<p>Registration Fee: $450<\/p>\n<p>This session will be scheduled after purchase.<\/p>\n\t\t\t<a href=\"\" target=\"_self\" rel=\"noopener\">\n\t\t\t\t\t\t\tRegister Here\n\t\t\t\t\t<\/a>\n\t<h3><b>Complete Empowerment Package: (Half-day training)<\/b><\/h3>\n\t<p><strong>The modules include:<\/strong><\/p>\n\t<ul>\n<li>Includes all 5 modules of the Personal and Professional Empowerment Series<\/li>\n<li>One-on-one 2 hours of Personal and Professional Coaching &#8211; Inner Strength Unleashed (scheduled by appointment)<\/li>\n<li>Plus:Assessment tools and and Successful Approaches<\/li>\n<\/ul>\n\t<p>Scheduled by Regions in California<\/p>\n\t<p>Registration Fee: $450<\/p>\n<p>This session will be scheduled after purchase.<\/p>\n\t\t\t<a href=\"\" target=\"_self\" rel=\"noopener\">\n\t\t\t\t\t\t\tRegister Here\n\t\t\t\t\t<\/a>\n\t<p>After registering for a service, you will receive an email with the information on booking it and next steps.<\/p>\n\t<h3>Strategic Leadership Series:<\/h3>\n\t<p><strong>The modules include:<\/strong><\/p>\n\t<ul>\n<li><strong>Develop<\/strong> a strategic edge through personalized coaching, aligning business strategies with long-term success. (Training time: 1 hour)<\/li>\n<li><strong>Leadership Illuminated:<\/strong> Impactful Development Programs. (Training time: 1 hour)<\/li>\n<li><strong>Hone leadership<\/strong> skills and foster growth with impactful development programs for transformative leadership. (Training time: 1 hour)<\/li>\n<li><strong>Cultivating Inclusion:<\/strong> Diversity and Inclusion Consulting for Success (Training time: 1 hour)<\/li>\n<li><strong>Understand the importance of diversity and inclusion and explore<\/strong> consulting strategies for fostering an inclusive organizational culture (Training time: 1 hour)<\/li>\n<\/ul>\n\t<p><strong>Total Series training: 5 hours<\/strong><\/p>\n\t<ul>\n<li><strong>Optional Coaching<\/strong>: Strategic Edge: Business Strategy Coaching for Success (one-on-one &#8211; 1 hour) and fee: $150.00<\/li>\n<\/ul>\n\t<h3>Personal and Professional Empowerment Series:<\/h3>\n\t<p><strong>The modules include:<\/strong><\/p>\n\t<ul>\n<li><strong>Unlocking Potential:<\/strong> The Power of Professional Development (Training time: 30 minutes)<\/li>\n<li><strong>Unleash your professional potential<\/strong> with diverse development programs tailored to your unique skills and goals. (Training time: 1 hour)<\/li>\n<li><strong>Discover your inner strength<\/strong> through personalized coaching, achieving personal fulfillment and overcoming challenges. (Training time: 30 minutes)<\/li>\n<li><strong>Mindful Leadership:<\/strong> Nurturing Emotional Intelligence (Training time: 30 minutes)<\/li>\n<li><strong>Explore mindful leadership<\/strong> practices, nurturing emotional intelligence for effective and<br>\nempathetic leadership. (Training time: 30 minutes)<\/li>\n<\/ul>\n\t<p><strong>Total Series training: 3 hours&nbsp;<\/strong><\/p>\n\t<ul>\n<li><strong>Optional Coaching:<\/strong> Inner Strength Unleashed: Personal Growth Coaching for Fulfillment (one-on-one &#8211; 2 hours) and fee: $300.00<\/li>\n<\/ul>\n\t<h3>Communication and Collaboration Mastery Series:<\/h3>\n\t<p><strong>The modules include:<\/strong><\/p>\n\t<ul>\n<li><strong>Mastering Communication:<\/strong> The Art of Effective Dialogue (Training time: 45 minutes)<\/li>\n<li><strong>Enhance communication skills<\/strong>, master the art of effective dialogue, and navigate professional interactions successfully. (Training time: 45 minutes)<\/li>\n<li><strong>Building Bridges:<\/strong> Team Building for Effective Collaboration. (Training time: 30 minutes)<\/li>\n<li><strong>Cultivate effective<\/strong> teams through team-building training, fostering collaboration, trust, and communication among team members. (Training time: 1 hour)<\/li>\n<\/ul>\n\t<p><strong>Total Series training: 3 hours&nbsp;<\/strong><\/p>\n\tEMG Topic Sections and Titles for Trainings 2024 (Paid for and attended after the informational<br>\nseminar)\n\t<ul>\n<li><strong>Optional Coaching:<\/strong> Effective Communication and Collaboration coaching (one-on-one &#8211; 2 hours) and fee: $300.00<\/li>\n<\/ul>\n\t<h3>Performance Excellence Journey Series:<\/h3>\n\t<p><strong>The modules include:<\/strong><\/p>\n\t<ul>\n<li><strong>Cognitive Mastery:<\/strong> Boosting Productivity through Enhanced Focus (Training time: 1 hour)<\/li>\n<li><strong>Learn techniques<\/strong> to enhance cognitive focus, increase productivity, and develop problem-solving capabilities. (Training time: 1 hour)<\/li>\n<li><strong>Performance Excellence:<\/strong> Driving Results Through Improvement Strategies. (Training time: 1 hour)<\/li>\n<li><strong>Enhance performance<\/strong> and drive results by exploring performance improvement strategies and methodologies. (Training time: 1 hour)<\/li>\n<\/ul>\n\t<p>Total Series training: 4 hours<\/p>\n\t<ul>\n<li><strong>Optional Coaching:<\/strong> High-Level Performance coaching (one-on-one &#8211; 3 hours) and fee: $450.00<\/li>\n<\/ul>\n\t<h3>Balanced Living Series:<\/h3>\n\t<p><strong>The modules include:<\/strong><\/p>\n\t<ul>\n<li><strong>Balancing Act:<\/strong> Achieving Work-Life Harmony. (Training time: 1 hour)<\/li>\n<li><strong>Learn practical<\/strong> approaches to achieve harmony in your professional and personal life for a balanced and fulfilling lifestyle. (Training time: 1 hour)<\/li>\n<\/ul>\n\t<p>Total Series training: 2 hours<\/p>\n\t<ul>\n<li><strong>Optional Coaching:<\/strong> Finding a Balance Living coaching (one-on-one &#8211; 3 hours) and fee: $450.00<\/li>\n<\/ul><\/div>\n","protected":false},"excerpt":{"rendered":"<p>Secciones tem\u00e1ticas y t\u00edtulos del EMG para los cursos de formaci\u00f3n 2024 (de pago y con asistencia posterior al seminario informativo)<\/p>\n","protected":false},"author":8,"featured_media":0,"parent":0,"menu_order":0,"comment_status":"closed","ping_status":"closed","template":"","meta":{"_acf_changed":false,"nf_dc_page":"","_monsterinsights_skip_tracking":false,"_monsterinsights_sitenote_active":false,"_monsterinsights_sitenote_note":"","_monsterinsights_sitenote_category":0,"advanced_seo_description":"","jetpack_seo_html_title":"","jetpack_seo_noindex":false,"footnotes":""},"categories":[],"tags":[],"class_list":["post-1523","page","type-page","status-publish","hentry"],"acf":[],"jetpack_sharing_enabled":true,"_links":{"self":[{"href":"https:\/\/espindolamg.com\/es\/wp-json\/wp\/v2\/pages\/1523","targetHints":{"allow":["GET"]}}],"collection":[{"href":"https:\/\/espindolamg.com\/es\/wp-json\/wp\/v2\/pages"}],"about":[{"href":"https:\/\/espindolamg.com\/es\/wp-json\/wp\/v2\/types\/page"}],"author":[{"embeddable":true,"href":"https:\/\/espindolamg.com\/es\/wp-json\/wp\/v2\/users\/8"}],"replies":[{"embeddable":true,"href":"https:\/\/espindolamg.com\/es\/wp-json\/wp\/v2\/comments?post=1523"}],"version-history":[{"count":1,"href":"https:\/\/espindolamg.com\/es\/wp-json\/wp\/v2\/pages\/1523\/revisions"}],"predecessor-version":[{"id":1525,"href":"https:\/\/espindolamg.com\/es\/wp-json\/wp\/v2\/pages\/1523\/revisions\/1525"}],"wp:attachment":[{"href":"https:\/\/espindolamg.com\/es\/wp-json\/wp\/v2\/media?parent=1523"}],"wp:term":[{"taxonomy":"category","embeddable":true,"href":"https:\/\/espindolamg.com\/es\/wp-json\/wp\/v2\/categories?post=1523"},{"taxonomy":"post_tag","embeddable":true,"href":"https:\/\/espindolamg.com\/es\/wp-json\/wp\/v2\/tags?post=1523"}],"curies":[{"name":"wp","href":"https:\/\/api.w.org\/{rel}","templated":true}]}}