{"id":1542,"date":"2024-01-26T13:03:21","date_gmt":"2024-01-26T21:03:21","guid":{"rendered":"https:\/\/espindolamg.com\/coaching-excellence-bundle-programado-con-cita-previa\/"},"modified":"2024-03-09T07:05:43","modified_gmt":"2024-03-09T15:05:43","slug":"coaching-excellence-bundle-programado-con-cita-previa","status":"publish","type":"page","link":"https:\/\/espindolamg.com\/es\/coaching-excellence-bundle-programado-con-cita-previa\/","title":{"rendered":"COACHING EXCELLENCE BUNDLE: (PROGRAMADO CON CITA PREVIA)"},"content":{"rendered":"\n<div class=\"\"><h1>MINDFUL LEADERSHIP PACKAGE:<\/h1>\n\t<h2>EMG Offers different workshops that focus on developing different skills.<\/h2>\n<p>Each workshop topic contains different learning options to met everyone&#8217;s needs.<\/p>\n\n\t\n<script>\n  if (typeof hasAmeliaEntitiesApiCall === 'undefined' && ('' === '' && '' !== '1')) {\n    var hasAmeliaEntitiesApiCall = true;\n  }\n  var ameliaShortcodeData = (typeof ameliaShortcodeData === 'undefined') ? [] : ameliaShortcodeData;\n  ameliaShortcodeData.push(\n    {\n      'hasApiCall': (typeof hasAmeliaEntitiesApiCall !== 'undefined') && hasAmeliaEntitiesApiCall,\n      'trigger': '',\n      'trigger_type': '',\n      'triggered_form': 'cbf',\n      'in_dialog': '',\n      'show': '',\n      'counter': '1000',\n      'package': '',\n      'category': '',\n      'service': '2',\n      'employee': '',\n      'location': '',\n      'categories_hidden': ''\n    }\n  );\n  var ameliaShortcodeDataTriggered = (typeof ameliaShortcodeDataTriggered === 'undefined') ? [] : ameliaShortcodeDataTriggered;\n  if (ameliaShortcodeData[ameliaShortcodeData.length - 1].trigger !== '') {\n    if (ameliaShortcodeDataTriggered.filter(a => a.counter === ameliaShortcodeData[ameliaShortcodeData.length - 1].counter).length === 0) {\n      ameliaShortcodeDataTriggered.push(ameliaShortcodeData.pop());\n    } else {\n      ameliaShortcodeData.pop()\n    }\n  }\n  if (typeof hasAmeliaEntitiesApiCall !== 'undefined' && hasAmeliaEntitiesApiCall) {\n    hasAmeliaEntitiesApiCall = false;\n  }\n<\/script>\n\n<div\n  id=\"amelia-v2-booking-1000\"\n  class=\"amelia-v2-booking\"\n>\n    <catalog-form-wrapper><\/catalog-form-wrapper><\/div>\n\n\t<h3>Strategic Leadership Series:<\/h3>\n\t<p><strong>The modules include:<\/strong><\/p>\n\t<ul>\n<li><strong>Develop<\/strong> a strategic edge through personalized coaching, aligning business strategies with long-term success. (Training time: 1 hour)<\/li>\n<li><strong>Leadership Illuminated:<\/strong> Impactful Development Programs. (Training time: 1 hour)<\/li>\n<li><strong>Hone leadership<\/strong> skills and foster growth with impactful development programs for transformative leadership. (Training time: 1 hour)<\/li>\n<li><strong>Cultivating Inclusion:<\/strong> Diversity and Inclusion Consulting for Success (Training time: 1 hour)<\/li>\n<li><strong>Understand the importance of diversity and inclusion and explore<\/strong> consulting strategies for fostering an inclusive organizational culture (Training time: 1 hour)<\/li>\n<\/ul>\n\t<p><strong>Total Series training: 5 hours<\/strong><\/p>\n\t<ul>\n<li><strong>Optional Coaching<\/strong>: Strategic Edge: Business Strategy Coaching for Success (one-on-one &#8211; 1 hour) and fee: $150.00<\/li>\n<\/ul>\n\t<h3>Personal and Professional Empowerment Series:<\/h3>\n\t<p><strong>The modules include:<\/strong><\/p>\n\t<ul>\n<li><strong>Unlocking Potential:<\/strong> The Power of Professional Development (Training time: 30 minutes)<\/li>\n<li><strong>Unleash your professional potential<\/strong> with diverse development programs tailored to your unique skills and goals. (Training time: 1 hour)<\/li>\n<li><strong>Discover your inner strength<\/strong> through personalized coaching, achieving personal fulfillment and overcoming challenges. (Training time: 30 minutes)<\/li>\n<li><strong>Mindful Leadership:<\/strong> Nurturing Emotional Intelligence (Training time: 30 minutes)<\/li>\n<li><strong>Explore mindful leadership<\/strong> practices, nurturing emotional intelligence for effective and<br>\nempathetic leadership. (Training time: 30 minutes)<\/li>\n<\/ul>\n\t<p><strong>Total Series training: 3 hours&nbsp;<\/strong><\/p>\n\t<ul>\n<li><strong>Optional Coaching:<\/strong> Inner Strength Unleashed: Personal Growth Coaching for Fulfillment (one-on-one &#8211; 2 hours) and fee: $300.00<\/li>\n<\/ul>\n\t<h3>Communication and Collaboration Mastery Series:<\/h3>\n\t<p><strong>The modules include:<\/strong><\/p>\n\t<ul>\n<li><strong>Mastering Communication:<\/strong> The Art of Effective Dialogue (Training time: 45 minutes)<\/li>\n<li><strong>Enhance communication skills<\/strong>, master the art of effective dialogue, and navigate professional interactions successfully. (Training time: 45 minutes)<\/li>\n<li><strong>Building Bridges:<\/strong> Team Building for Effective Collaboration. (Training time: 30 minutes)<\/li>\n<li><strong>Cultivate effective<\/strong> teams through team-building training, fostering collaboration, trust, and communication among team members. (Training time: 1 hour)<\/li>\n<\/ul>\n\t<p><strong>Total Series training: 3 hours&nbsp;<\/strong><\/p>\n\tEMG Topic Sections and Titles for Trainings 2024 (Paid for and attended after the informational<br>\nseminar)\n\t<ul>\n<li><strong>Optional Coaching:<\/strong> Effective Communication and Collaboration coaching (one-on-one &#8211; 2 hours) and fee: $300.00<\/li>\n<\/ul>\n\t<h3>Performance Excellence Journey Series:<\/h3>\n\t<p><strong>The modules include:<\/strong><\/p>\n\t<ul>\n<li><strong>Cognitive Mastery:<\/strong> Boosting Productivity through Enhanced Focus (Training time: 1 hour)<\/li>\n<li><strong>Learn techniques<\/strong> to enhance cognitive focus, increase productivity, and develop problem-solving capabilities. (Training time: 1 hour)<\/li>\n<li><strong>Performance Excellence:<\/strong> Driving Results Through Improvement Strategies. (Training time: 1 hour)<\/li>\n<li><strong>Enhance performance<\/strong> and drive results by exploring performance improvement strategies and methodologies. (Training time: 1 hour)<\/li>\n<\/ul>\n\t<p>Total Series training: 4 hours<\/p>\n\t<ul>\n<li><strong>Optional Coaching:<\/strong> High-Level Performance coaching (one-on-one &#8211; 3 hours) and fee: $450.00<\/li>\n<\/ul>\n\t<h3>Balanced Living Series:<\/h3>\n\t<p><strong>The modules include:<\/strong><\/p>\n\t<ul>\n<li><strong>Balancing Act:<\/strong> Achieving Work-Life Harmony. (Training time: 1 hour)<\/li>\n<li><strong>Learn practical<\/strong> approaches to achieve harmony in your professional and personal life for a balanced and fulfilling lifestyle. (Training time: 1 hour)<\/li>\n<\/ul>\n\t<p>Total Series training: 2 hours<\/p>\n\t<ul>\n<li><strong>Optional Coaching:<\/strong> Finding a Balance Living coaching (one-on-one &#8211; 3 hours) and fee: $450.00<\/li>\n<\/ul><\/div>\n","protected":false},"excerpt":{"rendered":"<p>Secciones tem\u00e1ticas y t\u00edtulos del EMG para los cursos de formaci\u00f3n 2024 (de pago y con asistencia posterior al seminario informativo)<\/p>\n","protected":false},"author":8,"featured_media":0,"parent":0,"menu_order":0,"comment_status":"closed","ping_status":"closed","template":"","meta":{"_acf_changed":false,"nf_dc_page":"","_monsterinsights_skip_tracking":false,"_monsterinsights_sitenote_active":false,"_monsterinsights_sitenote_note":"","_monsterinsights_sitenote_category":0,"advanced_seo_description":"","jetpack_seo_html_title":"","jetpack_seo_noindex":false,"footnotes":""},"categories":[],"tags":[],"class_list":["post-1542","page","type-page","status-publish","hentry"],"acf":[],"jetpack_sharing_enabled":true,"_links":{"self":[{"href":"https:\/\/espindolamg.com\/es\/wp-json\/wp\/v2\/pages\/1542","targetHints":{"allow":["GET"]}}],"collection":[{"href":"https:\/\/espindolamg.com\/es\/wp-json\/wp\/v2\/pages"}],"about":[{"href":"https:\/\/espindolamg.com\/es\/wp-json\/wp\/v2\/types\/page"}],"author":[{"embeddable":true,"href":"https:\/\/espindolamg.com\/es\/wp-json\/wp\/v2\/users\/8"}],"replies":[{"embeddable":true,"href":"https:\/\/espindolamg.com\/es\/wp-json\/wp\/v2\/comments?post=1542"}],"version-history":[{"count":1,"href":"https:\/\/espindolamg.com\/es\/wp-json\/wp\/v2\/pages\/1542\/revisions"}],"predecessor-version":[{"id":1544,"href":"https:\/\/espindolamg.com\/es\/wp-json\/wp\/v2\/pages\/1542\/revisions\/1544"}],"wp:attachment":[{"href":"https:\/\/espindolamg.com\/es\/wp-json\/wp\/v2\/media?parent=1542"}],"wp:term":[{"taxonomy":"category","embeddable":true,"href":"https:\/\/espindolamg.com\/es\/wp-json\/wp\/v2\/categories?post=1542"},{"taxonomy":"post_tag","embeddable":true,"href":"https:\/\/espindolamg.com\/es\/wp-json\/wp\/v2\/tags?post=1542"}],"curies":[{"name":"wp","href":"https:\/\/api.w.org\/{rel}","templated":true}]}}