{"id":935,"date":"2023-02-20T21:59:22","date_gmt":"2023-02-21T05:59:22","guid":{"rendered":"https:\/\/espindolamg.com\/inicio\/"},"modified":"2023-08-08T10:09:44","modified_gmt":"2023-08-08T17:09:44","slug":"inicio","status":"publish","type":"page","link":"https:\/\/espindolamg.com\/es\/","title":{"rendered":"Inicio"},"content":{"rendered":"\n\n\t\t\t\t<img data-recalc-dims=\"1\" decoding=\"async\" src=\"https:\/\/i0.wp.com\/espindolamg.com\/wp-content\/uploads\/2023\/03\/EMG-Mark-White.png?resize=150%2C150&#038;ssl=1\" alt=\"EMG-Mark-White\" itemprop=\"image\" height=\"150\" width=\"150\" title=\"EMG-Mark-White\" onerror=\"this.style.display='none'\"  \/>\n<h1>\n\t\t\u00a1Espindola Management Group pondr\u00e1 su negocio en lo m\u00e1s alto!\n\t<\/h1>\n\t<p>Bienvenido a EMG, donde la innovaci\u00f3n se une a la experiencia en consultor\u00eda.<\/p>\n\t\t\t<a href=\"#morestuff\" target=\"_self\" rel=\"noopener\">\n\t\t\t\t\t\t\t<\/a>\n\t\t\t\t<img data-recalc-dims=\"1\" decoding=\"async\" src=\"https:\/\/i0.wp.com\/espindolamg.com\/wp-content\/uploads\/2023\/07\/consulting-icon-e1688602189453.png?ssl=1\" alt=\"consulting-icon\" title=\"consulting-icon\" itemprop=\"image\"\/>\n\t\t\t\t\t\t\t\t\t\t\t\t<h3>Consultor\u00eda<\/h3>\n\t\t\t\t\t\t<p>EMG Consulting es una empresa de confianza, experimentada y experta en optimizar el rendimiento y alcanzar objetivos estrat\u00e9gicos.<\/p>\t\t\t\t\t\n\t\t\t<!-- END .front -->\n\t\t\t\t\t\t\t\t\t\t<h3>\u00a1Impresionante!<\/h3>\n\t\t\t\t\t\t<p><a href=\"https:\/\/espindolamg.com\/services\/consulting\/\">\u00a1Cu\u00e9ntame m\u00e1s!<\/a><\/p>\t\t\t\t\t\n\t\t\t<!-- END .back -->\n\t\t <!-- ifb-flip-box -->\n\t <!-- flip-box -->\n\t\t\t\t<img data-recalc-dims=\"1\" decoding=\"async\" src=\"https:\/\/i0.wp.com\/espindolamg.com\/wp-content\/uploads\/2023\/07\/coaching-icon.png?ssl=1\" alt=\"coaching-icon\" title=\"coaching-icon\" itemprop=\"image\"\/>\n\t\t\t\t\t\t\t\t\t\t\t\t<h3>Coaching<\/h3>\n\t\t\t\t\t\t<p>EMG Coaching es una asociaci\u00f3n transformadora que capacita a individuos y equipos para aprovechar sus posibilidades sin explotar en el crecimiento personal y profesional.<\/p>\t\t\t\t\t\n\t\t\t<!-- END .front -->\n\t\t\t\t\t\t\t\t\t\t<h3>\u00a1Genial!<\/h3>\n\t\t\t\t\t\t<p><a href=\"https:\/\/espindolamg.com\/services\/coaching\/\">\u00a1Dame la primicia!<\/a><\/p>\t\t\t\t\t\n\t\t\t<!-- END .back -->\n\t\t <!-- ifb-flip-box -->\n\t <!-- flip-box -->\n\t\t\t\t<img data-recalc-dims=\"1\" decoding=\"async\" src=\"https:\/\/i0.wp.com\/espindolamg.com\/wp-content\/uploads\/2023\/07\/training-icon.png?ssl=1\" alt=\"training-icon\" title=\"training-icon\" itemprop=\"image\"\/>\n\t\t\t\t\t\t\t\t\t\t\t\t<h3>Formaci\u00f3n<\/h3>\n\t\t\t\t\t\t<p>EMG Training utiliza un enfoque din\u00e1mico que dota a individuos, equipos, empresas u organizaciones de las habilidades, herramientas y estrategias necesarias para maximizar el rendimiento, cultivar equipos eficaces, retener clientes y lograr el \u00e9xito a largo plazo.<\/p>\t\t\t\t\t\n\t\t\t<!-- END .front -->\n\t\t\t\t\t\t\t\t\t\t<h3>\u00a1Me interesa!<\/h3>\n\t\t\t\t\t\t<p><a href=\"https:\/\/espindolamg.com\/es\/formacion\/\">Dame m\u00e1s informaci\u00f3n.<\/a><\/p>\n\t\t\t<!-- END .back -->\n\t\t <!-- ifb-flip-box -->\n\t <!-- flip-box -->\n\n","protected":false},"excerpt":{"rendered":"<p>\u00a1Espindola Management Group pondr\u00e1 su negocio en lo m\u00e1s alto! Bienvenido a EMG, donde la innovaci\u00f3n se une a la experiencia en consultor\u00eda. Consultor\u00eda EMG Consulting es una empresa de confianza, experimentada y experta en optimizar el rendimiento y alcanzar objetivos estrat\u00e9gicos. \u00a1Impresionante! \u00a1Cu\u00e9ntame m\u00e1s! Coaching EMG Coaching es una asociaci\u00f3n transformadora que capacita a&hellip;<\/p>\n","protected":false},"author":1,"featured_media":0,"parent":0,"menu_order":0,"comment_status":"closed","ping_status":"closed","template":"","meta":{"_acf_changed":false,"nf_dc_page":"","_monsterinsights_skip_tracking":false,"_monsterinsights_sitenote_active":false,"_monsterinsights_sitenote_note":"","_monsterinsights_sitenote_category":0,"advanced_seo_description":"","jetpack_seo_html_title":"","jetpack_seo_noindex":false,"footnotes":""},"categories":[],"tags":[],"class_list":["post-935","page","type-page","status-publish","hentry"],"acf":[],"jetpack_sharing_enabled":true,"_links":{"self":[{"href":"https:\/\/espindolamg.com\/es\/wp-json\/wp\/v2\/pages\/935","targetHints":{"allow":["GET"]}}],"collection":[{"href":"https:\/\/espindolamg.com\/es\/wp-json\/wp\/v2\/pages"}],"about":[{"href":"https:\/\/espindolamg.com\/es\/wp-json\/wp\/v2\/types\/page"}],"author":[{"embeddable":true,"href":"https:\/\/espindolamg.com\/es\/wp-json\/wp\/v2\/users\/1"}],"replies":[{"embeddable":true,"href":"https:\/\/espindolamg.com\/es\/wp-json\/wp\/v2\/comments?post=935"}],"version-history":[{"count":1,"href":"https:\/\/espindolamg.com\/es\/wp-json\/wp\/v2\/pages\/935\/revisions"}],"predecessor-version":[{"id":1127,"href":"https:\/\/espindolamg.com\/es\/wp-json\/wp\/v2\/pages\/935\/revisions\/1127"}],"wp:attachment":[{"href":"https:\/\/espindolamg.com\/es\/wp-json\/wp\/v2\/media?parent=935"}],"wp:term":[{"taxonomy":"category","embeddable":true,"href":"https:\/\/espindolamg.com\/es\/wp-json\/wp\/v2\/categories?post=935"},{"taxonomy":"post_tag","embeddable":true,"href":"https:\/\/espindolamg.com\/es\/wp-json\/wp\/v2\/tags?post=935"}],"curies":[{"name":"wp","href":"https:\/\/api.w.org\/{rel}","templated":true}]}}