{"id":937,"date":"2023-02-17T03:51:22","date_gmt":"2023-02-17T11:51:22","guid":{"rendered":"https:\/\/espindolamg.com\/politica-de-privacidad\/"},"modified":"2023-02-17T03:51:22","modified_gmt":"2023-02-17T11:51:22","slug":"politica-de-privacidad","status":"publish","type":"page","link":"https:\/\/espindolamg.com\/es\/politica-de-privacidad\/","title":{"rendered":"Pol\u00edtica de privacidad"},"content":{"rendered":"","protected":false},"excerpt":{"rendered":"<p>C\u00f3mo utilizamos su informaci\u00f3n&#8230;<\/p>\n","protected":false},"author":1,"featured_media":913,"parent":0,"menu_order":0,"comment_status":"closed","ping_status":"closed","template":"","meta":{"_acf_changed":false,"nf_dc_page":"","_monsterinsights_skip_tracking":false,"_monsterinsights_sitenote_active":false,"_monsterinsights_sitenote_note":"","_monsterinsights_sitenote_category":0,"advanced_seo_description":"","jetpack_seo_html_title":"","jetpack_seo_noindex":false,"footnotes":""},"categories":[],"tags":[61],"class_list":["post-937","page","type-page","status-publish","has-post-thumbnail","hentry","tag-pagina-horizontal"],"acf":[],"jetpack_sharing_enabled":true,"_links":{"self":[{"href":"https:\/\/espindolamg.com\/es\/wp-json\/wp\/v2\/pages\/937","targetHints":{"allow":["GET"]}}],"collection":[{"href":"https:\/\/espindolamg.com\/es\/wp-json\/wp\/v2\/pages"}],"about":[{"href":"https:\/\/espindolamg.com\/es\/wp-json\/wp\/v2\/types\/page"}],"author":[{"embeddable":true,"href":"https:\/\/espindolamg.com\/es\/wp-json\/wp\/v2\/users\/1"}],"replies":[{"embeddable":true,"href":"https:\/\/espindolamg.com\/es\/wp-json\/wp\/v2\/comments?post=937"}],"version-history":[{"count":0,"href":"https:\/\/espindolamg.com\/es\/wp-json\/wp\/v2\/pages\/937\/revisions"}],"wp:featuredmedia":[{"embeddable":true,"href":"https:\/\/espindolamg.com\/es\/wp-json\/wp\/v2\/media\/913"}],"wp:attachment":[{"href":"https:\/\/espindolamg.com\/es\/wp-json\/wp\/v2\/media?parent=937"}],"wp:term":[{"taxonomy":"category","embeddable":true,"href":"https:\/\/espindolamg.com\/es\/wp-json\/wp\/v2\/categories?post=937"},{"taxonomy":"post_tag","embeddable":true,"href":"https:\/\/espindolamg.com\/es\/wp-json\/wp\/v2\/tags?post=937"}],"curies":[{"name":"wp","href":"https:\/\/api.w.org\/{rel}","templated":true}]}}